{"id":965,"date":"2021-12-13T17:19:43","date_gmt":"2021-12-13T17:19:43","guid":{"rendered":"https:\/\/moodle.localhost\/wp\/product\/module-7-hydrocyclone-performance"},"modified":"2024-12-30T17:12:55","modified_gmt":"2024-12-30T17:12:55","slug":"module-7-hydrocyclone-performance","status":"publish","type":"product","link":"https:\/\/metcomtech.com\/fr\/produit\/module-7-hydrocyclone-performance\/","title":{"rendered":"Module 7 \u2013 Performances des hydrocyclones"},"content":{"rendered":"<p>Dans ce module, vous d\u00e9couvrirez l&#039;hydrocyclone et comment caract\u00e9riser les performances de l&#039;hydrocyclone.<\/p>\n<p>Heures estim\u00e9es pour la r\u00e9alisation\u00a0: 3<\/p>\n<p>Modules pr\u00e9requis\u00a0: aucun<\/p>\n<p><strong>NOTE:<\/strong> Les nouveaux participants \u00e0 la formation Metcom doivent ajouter les frais d&#039;inscription uniques de $215.00 avec leur premi\u00e8re commande de formation. <\/p>","protected":false},"excerpt":{"rendered":"<p>Dans ce module, vous en apprendrez davantage sur l&#039;hydrocyclone et sur la fa\u00e7on de caract\u00e9riser ses performances. Heures estim\u00e9es pour terminer : 3 Modules pr\u00e9requis : aucun REMARQUE : Les nouveaux participants \u00e0 la formation Metcom doivent ajouter les frais d&#039;inscription uniques $215.00 avec leur premi\u00e8re commande de formation.<\/p>","protected":false},"featured_media":1037,"template":"","meta":[],"product_brand":[],"product_cat":[31],"product_tag":[],"class_list":{"0":"post-965","1":"product","2":"type-product","3":"status-publish","4":"has-post-thumbnail","6":"product_cat-modules","7":"pa_language-english","8":"pa_language-spanish","9":"pa_language-french","11":"first","12":"instock","13":"taxable","14":"shipping-taxable","15":"purchasable","16":"product-type-variable","17":"has-default-attributes"},"_links":{"self":[{"href":"https:\/\/metcomtech.com\/fr\/wp-json\/wp\/v2\/product\/965","targetHints":{"allow":["GET"]}}],"collection":[{"href":"https:\/\/metcomtech.com\/fr\/wp-json\/wp\/v2\/product"}],"about":[{"href":"https:\/\/metcomtech.com\/fr\/wp-json\/wp\/v2\/types\/product"}],"wp:featuredmedia":[{"embeddable":true,"href":"https:\/\/metcomtech.com\/fr\/wp-json\/wp\/v2\/media\/1037"}],"wp:attachment":[{"href":"https:\/\/metcomtech.com\/fr\/wp-json\/wp\/v2\/media?parent=965"}],"wp:term":[{"taxonomy":"product_brand","embeddable":true,"href":"https:\/\/metcomtech.com\/fr\/wp-json\/wp\/v2\/product_brand?post=965"},{"taxonomy":"product_cat","embeddable":true,"href":"https:\/\/metcomtech.com\/fr\/wp-json\/wp\/v2\/product_cat?post=965"},{"taxonomy":"product_tag","embeddable":true,"href":"https:\/\/metcomtech.com\/fr\/wp-json\/wp\/v2\/product_tag?post=965"}],"curies":[{"name":"wp","href":"https:\/\/api.w.org\/{rel}","templated":true}]}}