{"id":966,"date":"2021-12-13T17:19:43","date_gmt":"2021-12-13T17:19:43","guid":{"rendered":"https:\/\/moodle.localhost\/wp\/product\/module-8-hydrocyclone-adjustments"},"modified":"2024-12-30T17:14:12","modified_gmt":"2024-12-30T17:14:12","slug":"module-8-hydrocyclone-adjustments","status":"publish","type":"product","link":"https:\/\/metcomtech.com\/fr\/produit\/module-8-hydrocyclone-adjustments\/","title":{"rendered":"Module 8 \u2013 Ajustements des hydrocyclones"},"content":{"rendered":"<p>Ce module vous pr\u00e9sente une m\u00e9thode syst\u00e9matique par laquelle vous pouvez atteindre les performances souhait\u00e9es de l&#039;hydrocyclone.<\/p>\n<p>Heures estim\u00e9es pour la r\u00e9alisation\u00a0: 4<\/p>\n<p>Modules pr\u00e9requis : 7<\/p>\n<p><strong>NOTE:<\/strong> Les nouveaux participants \u00e0 la formation Metcom doivent ajouter les frais d&#039;inscription uniques de $215.00 avec leur premi\u00e8re commande de formation. <\/p>","protected":false},"excerpt":{"rendered":"<p>Ce module vous pr\u00e9sente une m\u00e9thode syst\u00e9matique par laquelle vous pouvez atteindre les performances hydrocycloniques souhait\u00e9es. Heures estim\u00e9es pour la r\u00e9alisation : 4 Modules pr\u00e9requis : 7 REMARQUE : Les nouveaux participants \u00e0 la formation Metcom doivent ajouter les frais d&#039;inscription uniques de $215.00 \u00e0 leur premi\u00e8re commande de formation.<\/p>","protected":false},"featured_media":1037,"template":"","meta":[],"product_brand":[],"product_cat":[31],"product_tag":[],"class_list":{"0":"post-966","1":"product","2":"type-product","3":"status-publish","4":"has-post-thumbnail","6":"product_cat-modules","7":"pa_language-english","8":"pa_language-spanish","9":"pa_language-french","11":"first","12":"instock","13":"taxable","14":"shipping-taxable","15":"purchasable","16":"product-type-variable","17":"has-default-attributes"},"_links":{"self":[{"href":"https:\/\/metcomtech.com\/fr\/wp-json\/wp\/v2\/product\/966","targetHints":{"allow":["GET"]}}],"collection":[{"href":"https:\/\/metcomtech.com\/fr\/wp-json\/wp\/v2\/product"}],"about":[{"href":"https:\/\/metcomtech.com\/fr\/wp-json\/wp\/v2\/types\/product"}],"wp:featuredmedia":[{"embeddable":true,"href":"https:\/\/metcomtech.com\/fr\/wp-json\/wp\/v2\/media\/1037"}],"wp:attachment":[{"href":"https:\/\/metcomtech.com\/fr\/wp-json\/wp\/v2\/media?parent=966"}],"wp:term":[{"taxonomy":"product_brand","embeddable":true,"href":"https:\/\/metcomtech.com\/fr\/wp-json\/wp\/v2\/product_brand?post=966"},{"taxonomy":"product_cat","embeddable":true,"href":"https:\/\/metcomtech.com\/fr\/wp-json\/wp\/v2\/product_cat?post=966"},{"taxonomy":"product_tag","embeddable":true,"href":"https:\/\/metcomtech.com\/fr\/wp-json\/wp\/v2\/product_tag?post=966"}],"curies":[{"name":"wp","href":"https:\/\/api.w.org\/{rel}","templated":true}]}}