{"id":967,"date":"2021-12-13T17:19:43","date_gmt":"2021-12-13T17:19:43","guid":{"rendered":"https:\/\/moodle.localhost\/wp\/product\/module-9-slurry-pumping"},"modified":"2024-12-30T17:05:54","modified_gmt":"2024-12-30T17:05:54","slug":"module-9-slurry-pumping","status":"publish","type":"product","link":"https:\/\/metcomtech.com\/fr\/produit\/module-9-slurry-pumping\/","title":{"rendered":"Module 9 \u2013 Pompage de la pulpe"},"content":{"rendered":"<p>Dans ce module, vous vous familiariserez avec les syst\u00e8mes de pompage de lisier, comment caract\u00e9riser les performances des pompes \u00e0 lisier et comment effectuer des ajustements pour atteindre les performances souhait\u00e9es.<\/p>\n<p>Heures estim\u00e9es pour la r\u00e9alisation\u00a0: 4<\/p>\n<p>Modules pr\u00e9requis\u00a0: aucun<\/p>\n<p><strong>NOTE:<\/strong> Les nouveaux participants \u00e0 la formation Metcom doivent ajouter les frais d&#039;inscription uniques de $215.00 avec leur premi\u00e8re commande de formation. <\/p>","protected":false},"excerpt":{"rendered":"<p>Dans ce module, vous vous familiariserez avec les syst\u00e8mes de pompage de boues, vous apprendrez \u00e0 caract\u00e9riser les performances des pompes \u00e0 boues et vous apprendrez \u00e0 effectuer les r\u00e9glages n\u00e9cessaires pour atteindre les performances souhait\u00e9es. Nombre estim\u00e9 d&#039;heures pour terminer le module : 4 Modules pr\u00e9requis : aucun REMARQUE : Les nouveaux participants \u00e0 la formation Metcom doivent ajouter les frais d&#039;inscription uniques de $215.00 \u00e0 leur premi\u00e8re commande de formation.<\/p>","protected":false},"featured_media":1037,"template":"","meta":[],"product_brand":[],"product_cat":[31],"product_tag":[],"class_list":{"0":"post-967","1":"product","2":"type-product","3":"status-publish","4":"has-post-thumbnail","6":"product_cat-modules","7":"pa_language-english","8":"pa_language-spanish","9":"pa_language-french","11":"first","12":"instock","13":"taxable","14":"shipping-taxable","15":"purchasable","16":"product-type-variable","17":"has-default-attributes"},"_links":{"self":[{"href":"https:\/\/metcomtech.com\/fr\/wp-json\/wp\/v2\/product\/967","targetHints":{"allow":["GET"]}}],"collection":[{"href":"https:\/\/metcomtech.com\/fr\/wp-json\/wp\/v2\/product"}],"about":[{"href":"https:\/\/metcomtech.com\/fr\/wp-json\/wp\/v2\/types\/product"}],"wp:featuredmedia":[{"embeddable":true,"href":"https:\/\/metcomtech.com\/fr\/wp-json\/wp\/v2\/media\/1037"}],"wp:attachment":[{"href":"https:\/\/metcomtech.com\/fr\/wp-json\/wp\/v2\/media?parent=967"}],"wp:term":[{"taxonomy":"product_brand","embeddable":true,"href":"https:\/\/metcomtech.com\/fr\/wp-json\/wp\/v2\/product_brand?post=967"},{"taxonomy":"product_cat","embeddable":true,"href":"https:\/\/metcomtech.com\/fr\/wp-json\/wp\/v2\/product_cat?post=967"},{"taxonomy":"product_tag","embeddable":true,"href":"https:\/\/metcomtech.com\/fr\/wp-json\/wp\/v2\/product_tag?post=967"}],"curies":[{"name":"wp","href":"https:\/\/api.w.org\/{rel}","templated":true}]}}