{"id":968,"date":"2021-12-13T17:19:43","date_gmt":"2021-12-13T17:19:43","guid":{"rendered":"https:\/\/moodle.localhost\/wp\/product\/module-10-existing-required-data"},"modified":"2024-12-30T17:04:27","modified_gmt":"2024-12-30T17:04:27","slug":"module-10-existing-required-data","status":"publish","type":"product","link":"https:\/\/metcomtech.com\/fr\/produit\/module-10-existing-required-data\/","title":{"rendered":"Module 10 \u2013 Donn\u00e9es existantes et requises"},"content":{"rendered":"<p>Dans ce module, vous trouverez un r\u00e9sum\u00e9 des informations existantes et requises dont vous avez besoin sur le circuit de broyage de votre usine pour am\u00e9liorer les performances de broyage. En particulier, vous apprendrez \u00e0 compiler les donn\u00e9es existantes pertinentes sur les circuits de broyage et \u00e0 identifier les donn\u00e9es requises \u00e0 partir des enqu\u00eates sur les circuits de broyage.<\/p>\n<p>Heures estim\u00e9es pour la r\u00e9alisation\u00a0:\u00a01<\/p>\n<p>Modules pr\u00e9requis\u00a0: 1<\/p>\n<p><strong>NOTE:<\/strong> Les nouveaux participants \u00e0 la formation Metcom doivent ajouter les frais d&#039;inscription uniques de $215.00 avec leur premi\u00e8re commande de formation. <\/p>","protected":false},"excerpt":{"rendered":"<p>In this module, you will find a summary of the existing and required information you need on the grinding circuit in your plant to achieve improvements in grinding performance. In particular, you will learn how to compile relevant existing data on grinding circuits and identify the data required from grinding circuit surveys. Estimated hours for [&hellip;]<\/p>\n","protected":false},"featured_media":1037,"template":"","meta":[],"product_brand":[],"product_cat":[31],"product_tag":[],"class_list":{"0":"post-968","1":"product","2":"type-product","3":"status-publish","4":"has-post-thumbnail","6":"product_cat-modules","7":"pa_language-english","8":"pa_language-spanish","9":"pa_language-french","11":"first","12":"instock","13":"taxable","14":"shipping-taxable","15":"purchasable","16":"product-type-variable","17":"has-default-attributes"},"_links":{"self":[{"href":"https:\/\/metcomtech.com\/fr\/wp-json\/wp\/v2\/product\/968","targetHints":{"allow":["GET"]}}],"collection":[{"href":"https:\/\/metcomtech.com\/fr\/wp-json\/wp\/v2\/product"}],"about":[{"href":"https:\/\/metcomtech.com\/fr\/wp-json\/wp\/v2\/types\/product"}],"wp:featuredmedia":[{"embeddable":true,"href":"https:\/\/metcomtech.com\/fr\/wp-json\/wp\/v2\/media\/1037"}],"wp:attachment":[{"href":"https:\/\/metcomtech.com\/fr\/wp-json\/wp\/v2\/media?parent=968"}],"wp:term":[{"taxonomy":"product_brand","embeddable":true,"href":"https:\/\/metcomtech.com\/fr\/wp-json\/wp\/v2\/product_brand?post=968"},{"taxonomy":"product_cat","embeddable":true,"href":"https:\/\/metcomtech.com\/fr\/wp-json\/wp\/v2\/product_cat?post=968"},{"taxonomy":"product_tag","embeddable":true,"href":"https:\/\/metcomtech.com\/fr\/wp-json\/wp\/v2\/product_tag?post=968"}],"curies":[{"name":"wp","href":"https:\/\/api.w.org\/{rel}","templated":true}]}}