{"id":969,"date":"2021-12-13T17:19:43","date_gmt":"2021-12-13T17:19:43","guid":{"rendered":"https:\/\/moodle.localhost\/wp\/product\/module-11-plant-sampling-guide-circuit-surveys"},"modified":"2024-12-30T16:59:32","modified_gmt":"2024-12-30T16:59:32","slug":"module-11-plant-sampling-guide-circuit-surveys","status":"publish","type":"product","link":"https:\/\/metcomtech.com\/fr\/produit\/module-11-plant-sampling-guide-circuit-surveys\/","title":{"rendered":"Module 11 \u2013 Guide d&#039;\u00e9chantillonnage des plantes et enqu\u00eates en circuit"},"content":{"rendered":"<p>Dans ce module, vous apprendrez comment concevoir et ex\u00e9cuter des enqu\u00eates sur le circuit de broyage dans votre usine afin de r\u00e9pondre aux exigences du syst\u00e8me Metcom.<\/p>\n<p>Heures estim\u00e9es pour la r\u00e9alisation\u00a0: 2<\/p>\n<p>Modules pr\u00e9requis\u00a0: 1, 10<\/p>\n<p><strong>NOTE:<\/strong> Les nouveaux participants \u00e0 la formation Metcom doivent ajouter les frais d&#039;inscription uniques de $215.00 avec leur premi\u00e8re commande de formation. <\/p>","protected":false},"excerpt":{"rendered":"<p>Dans ce module, vous apprendrez \u00e0 concevoir et \u00e0 ex\u00e9cuter des relev\u00e9s de circuits de meulage dans votre usine afin de r\u00e9pondre aux exigences du syst\u00e8me Metcom. Heures estim\u00e9es pour la r\u00e9alisation : 2 Modules pr\u00e9requis : 1, 10 REMARQUE : Les nouveaux participants \u00e0 la formation Metcom doivent ajouter les frais d&#039;inscription uniques $215.00 \u00e0 leur premi\u00e8re commande de formation.<\/p>","protected":false},"featured_media":1037,"template":"","meta":[],"product_brand":[],"product_cat":[31],"product_tag":[],"class_list":{"0":"post-969","1":"product","2":"type-product","3":"status-publish","4":"has-post-thumbnail","6":"product_cat-modules","7":"pa_language-english","8":"pa_language-spanish","9":"pa_language-french","11":"first","12":"instock","13":"taxable","14":"shipping-taxable","15":"purchasable","16":"product-type-variable","17":"has-default-attributes"},"_links":{"self":[{"href":"https:\/\/metcomtech.com\/fr\/wp-json\/wp\/v2\/product\/969","targetHints":{"allow":["GET"]}}],"collection":[{"href":"https:\/\/metcomtech.com\/fr\/wp-json\/wp\/v2\/product"}],"about":[{"href":"https:\/\/metcomtech.com\/fr\/wp-json\/wp\/v2\/types\/product"}],"wp:featuredmedia":[{"embeddable":true,"href":"https:\/\/metcomtech.com\/fr\/wp-json\/wp\/v2\/media\/1037"}],"wp:attachment":[{"href":"https:\/\/metcomtech.com\/fr\/wp-json\/wp\/v2\/media?parent=969"}],"wp:term":[{"taxonomy":"product_brand","embeddable":true,"href":"https:\/\/metcomtech.com\/fr\/wp-json\/wp\/v2\/product_brand?post=969"},{"taxonomy":"product_cat","embeddable":true,"href":"https:\/\/metcomtech.com\/fr\/wp-json\/wp\/v2\/product_cat?post=969"},{"taxonomy":"product_tag","embeddable":true,"href":"https:\/\/metcomtech.com\/fr\/wp-json\/wp\/v2\/product_tag?post=969"}],"curies":[{"name":"wp","href":"https:\/\/api.w.org\/{rel}","templated":true}]}}