{"id":976,"date":"2021-12-13T17:19:44","date_gmt":"2021-12-13T17:19:44","guid":{"rendered":"https:\/\/moodle.localhost\/wp\/product\/module-18-evaluation-of-circuit-classification"},"modified":"2024-12-30T16:58:10","modified_gmt":"2024-12-30T16:58:10","slug":"module-18-evaluation-of-circuit-classification","status":"publish","type":"product","link":"https:\/\/metcomtech.com\/fr\/produit\/module-18-evaluation-of-circuit-classification\/","title":{"rendered":"Module 18 \u2013 \u00c9valuation de la classification des circuits"},"content":{"rendered":"<p>Une fois que vous aurez termin\u00e9 ce module, vous serez en mesure d&#039;\u00e9valuer la conception du circuit de broyeur \u00e0 boulets existant et alternatif et les variables de fonctionnement en termes de leurs effets sur l&#039;efficacit\u00e9 du syst\u00e8me de classification d&#039;un circuit de broyeur \u00e0 boulets.<\/p>\n<p>Heures estim\u00e9es pour l&#039;ach\u00e8vement\u00a0:\u00a02,5<\/p>\n<p>Modules pr\u00e9requis : 5, 6, 8<\/p>\n<p><strong>NOTE:<\/strong> Les nouveaux participants \u00e0 la formation Metcom doivent ajouter les frais d&#039;inscription uniques de $215.00 avec leur premi\u00e8re commande de formation. <\/p>","protected":false},"excerpt":{"rendered":"<p>Once you have completed this module, you will be able to evaluate existing and alternative ball mill circuit design and operating variables in terms of their effects on the classification system efficiency of a ball mill circuit. Estimated Hours for completion: 2.5 Prerequisite modules: 5, 6, 8 NOTE: New Metcom Training Participants are required to [&hellip;]<\/p>\n","protected":false},"featured_media":1037,"template":"","meta":[],"product_brand":[],"product_cat":[31],"product_tag":[],"class_list":{"0":"post-976","1":"product","2":"type-product","3":"status-publish","4":"has-post-thumbnail","6":"product_cat-modules","7":"pa_language-english","8":"pa_language-spanish","9":"pa_language-french","11":"first","12":"instock","13":"taxable","14":"shipping-taxable","15":"purchasable","16":"product-type-variable","17":"has-default-attributes"},"_links":{"self":[{"href":"https:\/\/metcomtech.com\/fr\/wp-json\/wp\/v2\/product\/976","targetHints":{"allow":["GET"]}}],"collection":[{"href":"https:\/\/metcomtech.com\/fr\/wp-json\/wp\/v2\/product"}],"about":[{"href":"https:\/\/metcomtech.com\/fr\/wp-json\/wp\/v2\/types\/product"}],"wp:featuredmedia":[{"embeddable":true,"href":"https:\/\/metcomtech.com\/fr\/wp-json\/wp\/v2\/media\/1037"}],"wp:attachment":[{"href":"https:\/\/metcomtech.com\/fr\/wp-json\/wp\/v2\/media?parent=976"}],"wp:term":[{"taxonomy":"product_brand","embeddable":true,"href":"https:\/\/metcomtech.com\/fr\/wp-json\/wp\/v2\/product_brand?post=976"},{"taxonomy":"product_cat","embeddable":true,"href":"https:\/\/metcomtech.com\/fr\/wp-json\/wp\/v2\/product_cat?post=976"},{"taxonomy":"product_tag","embeddable":true,"href":"https:\/\/metcomtech.com\/fr\/wp-json\/wp\/v2\/product_tag?post=976"}],"curies":[{"name":"wp","href":"https:\/\/api.w.org\/{rel}","templated":true}]}}