{"id":977,"date":"2021-12-13T17:19:44","date_gmt":"2021-12-13T17:19:44","guid":{"rendered":"https:\/\/moodle.localhost\/wp\/product\/module-19-evaluation-of-ball-mill-grinding"},"modified":"2024-12-30T16:58:54","modified_gmt":"2024-12-30T16:58:54","slug":"module-19-evaluation-of-ball-mill-grinding","status":"publish","type":"product","link":"https:\/\/metcomtech.com\/fr\/produit\/module-19-evaluation-of-ball-mill-grinding\/","title":{"rendered":"Module 19 \u2013 \u00c9valuation du broyage au broyeur \u00e0 boulets"},"content":{"rendered":"<p>Dans ce module, vous apprendrez \u00e0 \u00e9valuer la conception des circuits de broyeur \u00e0 boulets existants et alternatifs et les variables de fonctionnement en termes de leurs effets sur l&#039;efficacit\u00e9 du broyage du broyeur \u00e0 boulets.<\/p>\n<p>Heures estim\u00e9es pour la r\u00e9alisation\u00a0: 2<\/p>\n<p>Modules pr\u00e9requis : 1, 2 , 5, 6, 8, 18<\/p>\n<p><strong>NOTE:<\/strong> Les nouveaux participants \u00e0 la formation Metcom doivent ajouter les frais d&#039;inscription uniques de $215.00 avec leur premi\u00e8re commande de formation. <\/p>","protected":false},"excerpt":{"rendered":"<p>In this module, you will learn how to evaluate existing and alternative ball mill circuit design and operating variables in terms of their effects on ball mill grinding efficiency. Estimated Hours for completion: 2 Prerequisite modules: 1, 2 , 5, 6, 8, 18 NOTE: New Metcom Training Participants are required to add the one-time $215.00 [&hellip;]<\/p>\n","protected":false},"featured_media":1037,"template":"","meta":[],"product_brand":[],"product_cat":[31],"product_tag":[],"class_list":{"0":"post-977","1":"product","2":"type-product","3":"status-publish","4":"has-post-thumbnail","6":"product_cat-modules","7":"pa_language-english","8":"pa_language-spanish","9":"pa_language-french","11":"first","12":"instock","13":"taxable","14":"shipping-taxable","15":"purchasable","16":"product-type-variable","17":"has-default-attributes"},"_links":{"self":[{"href":"https:\/\/metcomtech.com\/fr\/wp-json\/wp\/v2\/product\/977","targetHints":{"allow":["GET"]}}],"collection":[{"href":"https:\/\/metcomtech.com\/fr\/wp-json\/wp\/v2\/product"}],"about":[{"href":"https:\/\/metcomtech.com\/fr\/wp-json\/wp\/v2\/types\/product"}],"wp:featuredmedia":[{"embeddable":true,"href":"https:\/\/metcomtech.com\/fr\/wp-json\/wp\/v2\/media\/1037"}],"wp:attachment":[{"href":"https:\/\/metcomtech.com\/fr\/wp-json\/wp\/v2\/media?parent=977"}],"wp:term":[{"taxonomy":"product_brand","embeddable":true,"href":"https:\/\/metcomtech.com\/fr\/wp-json\/wp\/v2\/product_brand?post=977"},{"taxonomy":"product_cat","embeddable":true,"href":"https:\/\/metcomtech.com\/fr\/wp-json\/wp\/v2\/product_cat?post=977"},{"taxonomy":"product_tag","embeddable":true,"href":"https:\/\/metcomtech.com\/fr\/wp-json\/wp\/v2\/product_tag?post=977"}],"curies":[{"name":"wp","href":"https:\/\/api.w.org\/{rel}","templated":true}]}}