{"id":979,"date":"2021-12-13T17:19:44","date_gmt":"2021-12-13T17:19:44","guid":{"rendered":"https:\/\/moodle.localhost\/wp\/product\/module-21-grinding-circuit-control"},"modified":"2024-12-30T16:51:06","modified_gmt":"2024-12-30T16:51:06","slug":"module-21-grinding-circuit-control","status":"publish","type":"product","link":"https:\/\/metcomtech.com\/fr\/produit\/module-21-grinding-circuit-control\/","title":{"rendered":"Module 21 \u2013 Contr\u00f4le du circuit de meulage"},"content":{"rendered":"<p>Dans ce module, vous apprendrez \u00e0 d\u00e9finir les objectifs du contr\u00f4le du processus de meulage, \u00e0 identifier les perturbations et les actions correctives appropri\u00e9es, \u00e0 sp\u00e9cifier un syst\u00e8me de contr\u00f4le et \u00e0 estimer les avantages \u00e9conomiques d&#039;un contr\u00f4le am\u00e9lior\u00e9.<\/p>\n<p>Heures estim\u00e9es pour la r\u00e9alisation\u00a0: 2<\/p>\n<p>Modules pr\u00e9requis : 1, 5, 6, 7, 8<\/p>\n<p><strong>NOTE:<\/strong> Les nouveaux participants \u00e0 la formation Metcom doivent ajouter les frais d&#039;inscription uniques de $215.00 avec leur premi\u00e8re commande de formation. <\/p>","protected":false},"excerpt":{"rendered":"<p>In this module, you will learn how to define the purposes of grinding process control, identify disturbances and suitable corrective actions, specify a control system, and estimate the economic benefits of improved control. Estimated Hours for completion: 2 Prerequisite modules: 1, 5, 6, 7, 8 NOTE: New Metcom Training Participants are required to add the [&hellip;]<\/p>\n","protected":false},"featured_media":1037,"template":"","meta":[],"product_brand":[],"product_cat":[31],"product_tag":[],"class_list":{"0":"post-979","1":"product","2":"type-product","3":"status-publish","4":"has-post-thumbnail","6":"product_cat-modules","7":"pa_language-english","8":"pa_language-spanish","9":"pa_language-french","11":"first","12":"instock","13":"taxable","14":"shipping-taxable","15":"purchasable","16":"product-type-variable","17":"has-default-attributes"},"_links":{"self":[{"href":"https:\/\/metcomtech.com\/fr\/wp-json\/wp\/v2\/product\/979","targetHints":{"allow":["GET"]}}],"collection":[{"href":"https:\/\/metcomtech.com\/fr\/wp-json\/wp\/v2\/product"}],"about":[{"href":"https:\/\/metcomtech.com\/fr\/wp-json\/wp\/v2\/types\/product"}],"wp:featuredmedia":[{"embeddable":true,"href":"https:\/\/metcomtech.com\/fr\/wp-json\/wp\/v2\/media\/1037"}],"wp:attachment":[{"href":"https:\/\/metcomtech.com\/fr\/wp-json\/wp\/v2\/media?parent=979"}],"wp:term":[{"taxonomy":"product_brand","embeddable":true,"href":"https:\/\/metcomtech.com\/fr\/wp-json\/wp\/v2\/product_brand?post=979"},{"taxonomy":"product_cat","embeddable":true,"href":"https:\/\/metcomtech.com\/fr\/wp-json\/wp\/v2\/product_cat?post=979"},{"taxonomy":"product_tag","embeddable":true,"href":"https:\/\/metcomtech.com\/fr\/wp-json\/wp\/v2\/product_tag?post=979"}],"curies":[{"name":"wp","href":"https:\/\/api.w.org\/{rel}","templated":true}]}}