{"id":980,"date":"2021-12-13T17:19:44","date_gmt":"2021-12-13T17:19:44","guid":{"rendered":"https:\/\/moodle.localhost\/wp\/product\/module-22-evaluation-of-autogenous-and-semi-autogenous-grinding"},"modified":"2024-12-30T16:52:47","modified_gmt":"2024-12-30T16:52:47","slug":"module-22-evaluation-of-autogenous-and-semi-autogenous-grinding","status":"publish","type":"product","link":"https:\/\/metcomtech.com\/fr\/produit\/module-22-evaluation-of-autogenous-and-semi-autogenous-grinding\/","title":{"rendered":"Module 22 \u2013 \u00c9valuation du broyage autog\u00e8ne et semi-autog\u00e8ne"},"content":{"rendered":"<p>D\u00e9velopp\u00e9 pour le personnel m\u00e9tallurgique des usines et la direction des op\u00e9rations, ainsi que pour ceux qui les soutiennent (par exemple, les services techniques et les fournisseurs). Ce module fournit des connaissances essentielles et un ensemble de comp\u00e9tences pour g\u00e9rer efficacement les performances de traitement des circuits AG\/SAG.<\/p>\n<p>Heures estim\u00e9es pour l&#039;ach\u00e8vement\u00a0:\u00a04,00**<\/p>\n<p>Modules pr\u00e9requis\u00a0: aucun<\/p>\n<p><em>** Comprend le temps n\u00e9cessaire pour terminer les pr\u00e9faces des modules.<\/em><\/p>\n<p><strong>NOTE:<\/strong> Les nouveaux participants \u00e0 la formation Metcom doivent ajouter les frais d&#039;inscription uniques de $215.00 avec leur premi\u00e8re commande de formation. <\/p>","protected":false},"excerpt":{"rendered":"<p>Developed for plant metallurgical staff and operations management, as well as those who support them (e.g., technical departments and suppliers). This module provides essential knowledge and a set of skills to effectively manage AG\/SAG circuit processing performance. Estimated Hours for completion: 4.00** Prerequisite modules: none ** Includes time to complete module prefaces. NOTE: New Metcom [&hellip;]<\/p>\n","protected":false},"featured_media":1037,"template":"","meta":[],"product_brand":[],"product_cat":[31],"product_tag":[],"class_list":{"0":"post-980","1":"product","2":"type-product","3":"status-publish","4":"has-post-thumbnail","6":"product_cat-modules","7":"pa_language-english","8":"pa_language-spanish","9":"pa_language-french","11":"first","12":"instock","13":"taxable","14":"shipping-taxable","15":"purchasable","16":"product-type-variable","17":"has-default-attributes"},"_links":{"self":[{"href":"https:\/\/metcomtech.com\/fr\/wp-json\/wp\/v2\/product\/980","targetHints":{"allow":["GET"]}}],"collection":[{"href":"https:\/\/metcomtech.com\/fr\/wp-json\/wp\/v2\/product"}],"about":[{"href":"https:\/\/metcomtech.com\/fr\/wp-json\/wp\/v2\/types\/product"}],"wp:featuredmedia":[{"embeddable":true,"href":"https:\/\/metcomtech.com\/fr\/wp-json\/wp\/v2\/media\/1037"}],"wp:attachment":[{"href":"https:\/\/metcomtech.com\/fr\/wp-json\/wp\/v2\/media?parent=980"}],"wp:term":[{"taxonomy":"product_brand","embeddable":true,"href":"https:\/\/metcomtech.com\/fr\/wp-json\/wp\/v2\/product_brand?post=980"},{"taxonomy":"product_cat","embeddable":true,"href":"https:\/\/metcomtech.com\/fr\/wp-json\/wp\/v2\/product_cat?post=980"},{"taxonomy":"product_tag","embeddable":true,"href":"https:\/\/metcomtech.com\/fr\/wp-json\/wp\/v2\/product_tag?post=980"}],"curies":[{"name":"wp","href":"https:\/\/api.w.org\/{rel}","templated":true}]}}