{"id":982,"date":"2021-12-13T18:23:02","date_gmt":"2021-12-13T18:23:02","guid":{"rendered":"https:\/\/moodle.localhost\/wp\/?post_type=product&#038;p=982"},"modified":"2023-12-18T14:39:41","modified_gmt":"2023-12-18T14:39:41","slug":"training-access-renewal-fee","status":"publish","type":"product","link":"https:\/\/metcomtech.com\/fr\/produit\/training-access-renewal-fee\/","title":{"rendered":"Frais de renouvellement d\u2019acc\u00e8s \u00e0 la formation"},"content":{"rendered":"<p>Ceci est n\u00e9cessaire pour maintenir l\u2019acc\u00e8s aux supports de formation en ligne apr\u00e8s l\u2019acc\u00e8s initial de 12 mois inclus dans les frais d\u2019inscription.<\/p>\n<p>Veuillez inclure l&#039;adresse e-mail pour laquelle votre compte a \u00e9t\u00e9 enregistr\u00e9 dans les notes de commande.<\/p>","protected":false},"excerpt":{"rendered":"<p>Ceci est n\u00e9cessaire pour maintenir l&#039;acc\u00e8s aux supports de formation en ligne apr\u00e8s l&#039;acc\u00e8s initial de 12 mois qui \u00e9tait inclus dans les frais d&#039;inscription. Veuillez inclure l&#039;adresse e-mail pour laquelle votre compte a \u00e9t\u00e9 enregistr\u00e9 dans les notes de commande.<\/p>","protected":false},"featured_media":1008,"template":"","meta":[],"product_brand":[],"product_cat":[33],"product_tag":[],"class_list":{"0":"post-982","1":"product","2":"type-product","3":"status-publish","4":"has-post-thumbnail","6":"product_cat-renewals","8":"first","9":"instock","10":"virtual","11":"taxable","12":"purchasable","13":"product-type-simple"},"_links":{"self":[{"href":"https:\/\/metcomtech.com\/fr\/wp-json\/wp\/v2\/product\/982","targetHints":{"allow":["GET"]}}],"collection":[{"href":"https:\/\/metcomtech.com\/fr\/wp-json\/wp\/v2\/product"}],"about":[{"href":"https:\/\/metcomtech.com\/fr\/wp-json\/wp\/v2\/types\/product"}],"wp:featuredmedia":[{"embeddable":true,"href":"https:\/\/metcomtech.com\/fr\/wp-json\/wp\/v2\/media\/1008"}],"wp:attachment":[{"href":"https:\/\/metcomtech.com\/fr\/wp-json\/wp\/v2\/media?parent=982"}],"wp:term":[{"taxonomy":"product_brand","embeddable":true,"href":"https:\/\/metcomtech.com\/fr\/wp-json\/wp\/v2\/product_brand?post=982"},{"taxonomy":"product_cat","embeddable":true,"href":"https:\/\/metcomtech.com\/fr\/wp-json\/wp\/v2\/product_cat?post=982"},{"taxonomy":"product_tag","embeddable":true,"href":"https:\/\/metcomtech.com\/fr\/wp-json\/wp\/v2\/product_tag?post=982"}],"curies":[{"name":"wp","href":"https:\/\/api.w.org\/{rel}","templated":true}]}}